{"id":6,"date":"2021-02-01T09:54:42","date_gmt":"2021-02-01T08:54:42","guid":{"rendered":"http:\/\/localhost:8888\/solarfilms\/?page_id=6"},"modified":"2021-02-23T17:05:36","modified_gmt":"2021-02-23T16:05:36","slug":"accueil","status":"publish","type":"page","link":"https:\/\/solarfilms.be\/fr\/","title":{"rendered":"Accueil"},"content":{"rendered":"","protected":false},"excerpt":{"rendered":"","protected":false},"author":1,"featured_media":0,"parent":0,"menu_order":0,"comment_status":"closed","ping_status":"closed","template":"accueil.php","meta":[],"acf":[],"yoast_head":"<!-- This site is optimized with the Yoast SEO plugin v19.12 - https:\/\/yoast.com\/wordpress\/plugins\/seo\/ -->\n<title>\u25b7 Entreprise de film solaire en Belgique - film de protection - film occultant<\/title>\n<meta name=\"description\" content=\"Pose de film solaire pour fen\u00eatre. Protection anti-UV et brise vue. Profitez de films isolants qui vous prot\u00e8gent \u00e9galement des effractions\" \/>\n<meta name=\"robots\" content=\"index, follow, max-snippet:-1, max-image-preview:large, max-video-preview:-1\" \/>\n<link rel=\"canonical\" href=\"https:\/\/solarfilms.be\/fr\/\" \/>\n<meta property=\"og:locale\" content=\"fr_FR\" \/>\n<meta property=\"og:type\" content=\"article\" \/>\n<meta property=\"og:title\" content=\"\u25b7 Entreprise de film solaire en Belgique - film de protection - film occultant\" \/>\n<meta property=\"og:description\" content=\"Pose de film solaire pour fen\u00eatre. Protection anti-UV et brise vue. Profitez de films isolants qui vous prot\u00e8gent \u00e9galement des effractions\" \/>\n<meta property=\"og:url\" content=\"https:\/\/solarfilms.be\/fr\/\" \/>\n<meta property=\"og:site_name\" content=\"Solar Films\" \/>\n<meta property=\"article:modified_time\" content=\"2021-02-23T16:05:36+00:00\" \/>\n<meta name=\"twitter:card\" content=\"summary_large_image\" \/>\n<script type=\"application\/ld+json\" class=\"yoast-schema-graph\">{\"@context\":\"https:\/\/schema.org\",\"@graph\":[{\"@type\":\"WebPage\",\"@id\":\"https:\/\/solarfilms.be\/fr\/\",\"url\":\"https:\/\/solarfilms.be\/fr\/\",\"name\":\"\u25b7 Entreprise de film solaire en Belgique - film de protection - film occultant\",\"isPartOf\":{\"@id\":\"https:\/\/solarfilms.be\/fr\/#website\"},\"datePublished\":\"2021-02-01T08:54:42+00:00\",\"dateModified\":\"2021-02-23T16:05:36+00:00\",\"description\":\"Pose de film solaire pour fen\u00eatre. Protection anti-UV et brise vue. Profitez de films isolants qui vous prot\u00e8gent \u00e9galement des effractions\",\"breadcrumb\":{\"@id\":\"https:\/\/solarfilms.be\/fr\/#breadcrumb\"},\"inLanguage\":\"fr-FR\",\"potentialAction\":[{\"@type\":\"ReadAction\",\"target\":[\"https:\/\/solarfilms.be\/fr\/\"]}]},{\"@type\":\"BreadcrumbList\",\"@id\":\"https:\/\/solarfilms.be\/fr\/#breadcrumb\",\"itemListElement\":[{\"@type\":\"ListItem\",\"position\":1,\"name\":\"Accueil\",\"item\":\"https:\/\/solarfilms.be\/fr\/\"},{\"@type\":\"ListItem\",\"position\":2,\"name\":\"Accueil\"}]},{\"@type\":\"WebSite\",\"@id\":\"https:\/\/solarfilms.be\/fr\/#website\",\"url\":\"https:\/\/solarfilms.be\/fr\/\",\"name\":\"Solar Films\",\"description\":\"Pose de films solaires en province de Li\u00e8ge.\",\"potentialAction\":[{\"@type\":\"SearchAction\",\"target\":{\"@type\":\"EntryPoint\",\"urlTemplate\":\"https:\/\/solarfilms.be\/fr\/?s={search_term_string}\"},\"query-input\":\"required name=search_term_string\"}],\"inLanguage\":\"fr-FR\"}]}<\/script>\n<!-- \/ Yoast SEO plugin. -->","yoast_head_json":{"title":"\u25b7 Entreprise de film solaire en Belgique - film de protection - film occultant","description":"Pose de film solaire pour fen\u00eatre. Protection anti-UV et brise vue. Profitez de films isolants qui vous prot\u00e8gent \u00e9galement des effractions","robots":{"index":"index","follow":"follow","max-snippet":"max-snippet:-1","max-image-preview":"max-image-preview:large","max-video-preview":"max-video-preview:-1"},"canonical":"https:\/\/solarfilms.be\/fr\/","og_locale":"fr_FR","og_type":"article","og_title":"\u25b7 Entreprise de film solaire en Belgique - film de protection - film occultant","og_description":"Pose de film solaire pour fen\u00eatre. Protection anti-UV et brise vue. Profitez de films isolants qui vous prot\u00e8gent \u00e9galement des effractions","og_url":"https:\/\/solarfilms.be\/fr\/","og_site_name":"Solar Films","article_modified_time":"2021-02-23T16:05:36+00:00","twitter_card":"summary_large_image","schema":{"@context":"https:\/\/schema.org","@graph":[{"@type":"WebPage","@id":"https:\/\/solarfilms.be\/fr\/","url":"https:\/\/solarfilms.be\/fr\/","name":"\u25b7 Entreprise de film solaire en Belgique - film de protection - film occultant","isPartOf":{"@id":"https:\/\/solarfilms.be\/fr\/#website"},"datePublished":"2021-02-01T08:54:42+00:00","dateModified":"2021-02-23T16:05:36+00:00","description":"Pose de film solaire pour fen\u00eatre. Protection anti-UV et brise vue. Profitez de films isolants qui vous prot\u00e8gent \u00e9galement des effractions","breadcrumb":{"@id":"https:\/\/solarfilms.be\/fr\/#breadcrumb"},"inLanguage":"fr-FR","potentialAction":[{"@type":"ReadAction","target":["https:\/\/solarfilms.be\/fr\/"]}]},{"@type":"BreadcrumbList","@id":"https:\/\/solarfilms.be\/fr\/#breadcrumb","itemListElement":[{"@type":"ListItem","position":1,"name":"Accueil","item":"https:\/\/solarfilms.be\/fr\/"},{"@type":"ListItem","position":2,"name":"Accueil"}]},{"@type":"WebSite","@id":"https:\/\/solarfilms.be\/fr\/#website","url":"https:\/\/solarfilms.be\/fr\/","name":"Solar Films","description":"Pose de films solaires en province de Li\u00e8ge.","potentialAction":[{"@type":"SearchAction","target":{"@type":"EntryPoint","urlTemplate":"https:\/\/solarfilms.be\/fr\/?s={search_term_string}"},"query-input":"required name=search_term_string"}],"inLanguage":"fr-FR"}]}},"_links":{"self":[{"href":"https:\/\/solarfilms.be\/fr\/wp-json\/wp\/v2\/pages\/6"}],"collection":[{"href":"https:\/\/solarfilms.be\/fr\/wp-json\/wp\/v2\/pages"}],"about":[{"href":"https:\/\/solarfilms.be\/fr\/wp-json\/wp\/v2\/types\/page"}],"author":[{"embeddable":true,"href":"https:\/\/solarfilms.be\/fr\/wp-json\/wp\/v2\/users\/1"}],"replies":[{"embeddable":true,"href":"https:\/\/solarfilms.be\/fr\/wp-json\/wp\/v2\/comments?post=6"}],"version-history":[{"count":31,"href":"https:\/\/solarfilms.be\/fr\/wp-json\/wp\/v2\/pages\/6\/revisions"}],"predecessor-version":[{"id":619,"href":"https:\/\/solarfilms.be\/fr\/wp-json\/wp\/v2\/pages\/6\/revisions\/619"}],"wp:attachment":[{"href":"https:\/\/solarfilms.be\/fr\/wp-json\/wp\/v2\/media?parent=6"}],"curies":[{"name":"wp","href":"https:\/\/api.w.org\/{rel}","templated":true}]}}