{"id":28,"date":"2021-02-01T10:01:41","date_gmt":"2021-02-01T09:01:41","guid":{"rendered":"http:\/\/localhost:8888\/solarfilms\/?page_id=28"},"modified":"2022-04-28T11:38:52","modified_gmt":"2022-04-28T09:38:52","slug":"securite","status":"publish","type":"page","link":"https:\/\/solarfilms.be\/fr\/films-batiment\/securite\/","title":{"rendered":"S\u00e9curit\u00e9"},"content":{"rendered":"","protected":false},"excerpt":{"rendered":"","protected":false},"author":1,"featured_media":0,"parent":10,"menu_order":0,"comment_status":"closed","ping_status":"closed","template":"securite.php","meta":[],"acf":[],"yoast_head":"<!-- This site is optimized with the Yoast SEO plugin v19.12 - https:\/\/yoast.com\/wordpress\/plugins\/seo\/ -->\n<title>\u25b7 Pose de films de s\u00e9curit\u00e9 - Films anti-effraction en Belgique<\/title>\n<meta name=\"description\" content=\"Nos films de s\u00e9curit\u00e9s prot\u00e8gent contre les \u00e9clats de verres et le vandalisme. Choisissez l&#039;\u00e9paisseur du film en fonction de vos attentes.\" \/>\n<meta name=\"robots\" content=\"index, follow, max-snippet:-1, max-image-preview:large, max-video-preview:-1\" \/>\n<link rel=\"canonical\" href=\"https:\/\/solarfilms.be\/fr\/films-batiment\/securite\/\" \/>\n<meta property=\"og:locale\" content=\"fr_FR\" \/>\n<meta property=\"og:type\" content=\"article\" \/>\n<meta property=\"og:title\" content=\"\u25b7 Pose de films de s\u00e9curit\u00e9 - Films anti-effraction en Belgique\" \/>\n<meta property=\"og:description\" content=\"Nos films de s\u00e9curit\u00e9s prot\u00e8gent contre les \u00e9clats de verres et le vandalisme. Choisissez l&#039;\u00e9paisseur du film en fonction de vos attentes.\" \/>\n<meta property=\"og:url\" content=\"https:\/\/solarfilms.be\/fr\/films-batiment\/securite\/\" \/>\n<meta property=\"og:site_name\" content=\"Solar Films\" \/>\n<meta property=\"article:modified_time\" content=\"2022-04-28T09:38:52+00:00\" \/>\n<meta name=\"twitter:card\" content=\"summary_large_image\" \/>\n<script type=\"application\/ld+json\" class=\"yoast-schema-graph\">{\"@context\":\"https:\/\/schema.org\",\"@graph\":[{\"@type\":\"WebPage\",\"@id\":\"https:\/\/solarfilms.be\/fr\/films-batiment\/securite\/\",\"url\":\"https:\/\/solarfilms.be\/fr\/films-batiment\/securite\/\",\"name\":\"\u25b7 Pose de films de s\u00e9curit\u00e9 - Films anti-effraction en Belgique\",\"isPartOf\":{\"@id\":\"https:\/\/solarfilms.be\/fr\/#website\"},\"datePublished\":\"2021-02-01T09:01:41+00:00\",\"dateModified\":\"2022-04-28T09:38:52+00:00\",\"description\":\"Nos films de s\u00e9curit\u00e9s prot\u00e8gent contre les \u00e9clats de verres et le vandalisme. Choisissez l'\u00e9paisseur du film en fonction de vos attentes.\",\"breadcrumb\":{\"@id\":\"https:\/\/solarfilms.be\/fr\/films-batiment\/securite\/#breadcrumb\"},\"inLanguage\":\"fr-FR\",\"potentialAction\":[{\"@type\":\"ReadAction\",\"target\":[\"https:\/\/solarfilms.be\/fr\/films-batiment\/securite\/\"]}]},{\"@type\":\"BreadcrumbList\",\"@id\":\"https:\/\/solarfilms.be\/fr\/films-batiment\/securite\/#breadcrumb\",\"itemListElement\":[{\"@type\":\"ListItem\",\"position\":1,\"name\":\"Accueil\",\"item\":\"https:\/\/solarfilms.be\/fr\/\"},{\"@type\":\"ListItem\",\"position\":2,\"name\":\"Films b\u00e2timent\",\"item\":\"https:\/\/solarfilms.be\/fr\/films-batiment\/\"},{\"@type\":\"ListItem\",\"position\":3,\"name\":\"S\u00e9curit\u00e9\"}]},{\"@type\":\"WebSite\",\"@id\":\"https:\/\/solarfilms.be\/fr\/#website\",\"url\":\"https:\/\/solarfilms.be\/fr\/\",\"name\":\"Solar Films\",\"description\":\"Pose de films solaires en province de Li\u00e8ge.\",\"potentialAction\":[{\"@type\":\"SearchAction\",\"target\":{\"@type\":\"EntryPoint\",\"urlTemplate\":\"https:\/\/solarfilms.be\/fr\/?s={search_term_string}\"},\"query-input\":\"required name=search_term_string\"}],\"inLanguage\":\"fr-FR\"}]}<\/script>\n<!-- \/ Yoast SEO plugin. -->","yoast_head_json":{"title":"\u25b7 Pose de films de s\u00e9curit\u00e9 - Films anti-effraction en Belgique","description":"Nos films de s\u00e9curit\u00e9s prot\u00e8gent contre les \u00e9clats de verres et le vandalisme. Choisissez l'\u00e9paisseur du film en fonction de vos attentes.","robots":{"index":"index","follow":"follow","max-snippet":"max-snippet:-1","max-image-preview":"max-image-preview:large","max-video-preview":"max-video-preview:-1"},"canonical":"https:\/\/solarfilms.be\/fr\/films-batiment\/securite\/","og_locale":"fr_FR","og_type":"article","og_title":"\u25b7 Pose de films de s\u00e9curit\u00e9 - Films anti-effraction en Belgique","og_description":"Nos films de s\u00e9curit\u00e9s prot\u00e8gent contre les \u00e9clats de verres et le vandalisme. Choisissez l'\u00e9paisseur du film en fonction de vos attentes.","og_url":"https:\/\/solarfilms.be\/fr\/films-batiment\/securite\/","og_site_name":"Solar Films","article_modified_time":"2022-04-28T09:38:52+00:00","twitter_card":"summary_large_image","schema":{"@context":"https:\/\/schema.org","@graph":[{"@type":"WebPage","@id":"https:\/\/solarfilms.be\/fr\/films-batiment\/securite\/","url":"https:\/\/solarfilms.be\/fr\/films-batiment\/securite\/","name":"\u25b7 Pose de films de s\u00e9curit\u00e9 - Films anti-effraction en Belgique","isPartOf":{"@id":"https:\/\/solarfilms.be\/fr\/#website"},"datePublished":"2021-02-01T09:01:41+00:00","dateModified":"2022-04-28T09:38:52+00:00","description":"Nos films de s\u00e9curit\u00e9s prot\u00e8gent contre les \u00e9clats de verres et le vandalisme. Choisissez l'\u00e9paisseur du film en fonction de vos attentes.","breadcrumb":{"@id":"https:\/\/solarfilms.be\/fr\/films-batiment\/securite\/#breadcrumb"},"inLanguage":"fr-FR","potentialAction":[{"@type":"ReadAction","target":["https:\/\/solarfilms.be\/fr\/films-batiment\/securite\/"]}]},{"@type":"BreadcrumbList","@id":"https:\/\/solarfilms.be\/fr\/films-batiment\/securite\/#breadcrumb","itemListElement":[{"@type":"ListItem","position":1,"name":"Accueil","item":"https:\/\/solarfilms.be\/fr\/"},{"@type":"ListItem","position":2,"name":"Films b\u00e2timent","item":"https:\/\/solarfilms.be\/fr\/films-batiment\/"},{"@type":"ListItem","position":3,"name":"S\u00e9curit\u00e9"}]},{"@type":"WebSite","@id":"https:\/\/solarfilms.be\/fr\/#website","url":"https:\/\/solarfilms.be\/fr\/","name":"Solar Films","description":"Pose de films solaires en province de Li\u00e8ge.","potentialAction":[{"@type":"SearchAction","target":{"@type":"EntryPoint","urlTemplate":"https:\/\/solarfilms.be\/fr\/?s={search_term_string}"},"query-input":"required name=search_term_string"}],"inLanguage":"fr-FR"}]}},"_links":{"self":[{"href":"https:\/\/solarfilms.be\/fr\/wp-json\/wp\/v2\/pages\/28"}],"collection":[{"href":"https:\/\/solarfilms.be\/fr\/wp-json\/wp\/v2\/pages"}],"about":[{"href":"https:\/\/solarfilms.be\/fr\/wp-json\/wp\/v2\/types\/page"}],"author":[{"embeddable":true,"href":"https:\/\/solarfilms.be\/fr\/wp-json\/wp\/v2\/users\/1"}],"replies":[{"embeddable":true,"href":"https:\/\/solarfilms.be\/fr\/wp-json\/wp\/v2\/comments?post=28"}],"version-history":[{"count":16,"href":"https:\/\/solarfilms.be\/fr\/wp-json\/wp\/v2\/pages\/28\/revisions"}],"predecessor-version":[{"id":739,"href":"https:\/\/solarfilms.be\/fr\/wp-json\/wp\/v2\/pages\/28\/revisions\/739"}],"up":[{"embeddable":true,"href":"https:\/\/solarfilms.be\/fr\/wp-json\/wp\/v2\/pages\/10"}],"wp:attachment":[{"href":"https:\/\/solarfilms.be\/fr\/wp-json\/wp\/v2\/media?parent=28"}],"curies":[{"name":"wp","href":"https:\/\/api.w.org\/{rel}","templated":true}]}}