{"id":26,"date":"2021-02-01T10:01:31","date_gmt":"2021-02-01T09:01:31","guid":{"rendered":"http:\/\/localhost:8888\/solarfilms\/?page_id=26"},"modified":"2022-04-28T11:37:34","modified_gmt":"2022-04-28T09:37:34","slug":"discretion","status":"publish","type":"page","link":"https:\/\/solarfilms.be\/fr\/films-batiment\/discretion\/","title":{"rendered":"Discr\u00e9tion"},"content":{"rendered":"","protected":false},"excerpt":{"rendered":"","protected":false},"author":1,"featured_media":0,"parent":10,"menu_order":0,"comment_status":"closed","ping_status":"closed","template":"discretion.php","meta":[],"acf":[],"yoast_head":"<!-- This site is optimized with the Yoast SEO plugin v19.12 - https:\/\/yoast.com\/wordpress\/plugins\/seo\/ -->\n<title>\u25b7 Film solaire brise vue pour fen\u00eatre, film opaque pour particulier et professionnel.<\/title>\n<meta name=\"description\" content=\"Nos films opaques vous prot\u00e8gent du vis \u00e0 vis tout en d\u00e9corant vos fen\u00eatres. Choisissez le niveau d&#039;opacit\u00e9 de nos brises vues. Id\u00e9ale pour vos fen\u00eatres de maison, bureau, appartement,...\" \/>\n<meta name=\"robots\" content=\"index, follow, max-snippet:-1, max-image-preview:large, max-video-preview:-1\" \/>\n<link rel=\"canonical\" href=\"https:\/\/solarfilms.be\/fr\/films-batiment\/discretion\/\" \/>\n<meta property=\"og:locale\" content=\"fr_FR\" \/>\n<meta property=\"og:type\" content=\"article\" \/>\n<meta property=\"og:title\" content=\"\u25b7 Film solaire brise vue pour fen\u00eatre, film opaque pour particulier et professionnel.\" \/>\n<meta property=\"og:description\" content=\"Nos films opaques vous prot\u00e8gent du vis \u00e0 vis tout en d\u00e9corant vos fen\u00eatres. Choisissez le niveau d&#039;opacit\u00e9 de nos brises vues. Id\u00e9ale pour vos fen\u00eatres de maison, bureau, appartement,...\" \/>\n<meta property=\"og:url\" content=\"https:\/\/solarfilms.be\/fr\/films-batiment\/discretion\/\" \/>\n<meta property=\"og:site_name\" content=\"Solar Films\" \/>\n<meta property=\"article:modified_time\" content=\"2022-04-28T09:37:34+00:00\" \/>\n<meta name=\"twitter:card\" content=\"summary_large_image\" \/>\n<script type=\"application\/ld+json\" class=\"yoast-schema-graph\">{\"@context\":\"https:\/\/schema.org\",\"@graph\":[{\"@type\":\"WebPage\",\"@id\":\"https:\/\/solarfilms.be\/fr\/films-batiment\/discretion\/\",\"url\":\"https:\/\/solarfilms.be\/fr\/films-batiment\/discretion\/\",\"name\":\"\u25b7 Film solaire brise vue pour fen\u00eatre, film opaque pour particulier et professionnel.\",\"isPartOf\":{\"@id\":\"https:\/\/solarfilms.be\/fr\/#website\"},\"datePublished\":\"2021-02-01T09:01:31+00:00\",\"dateModified\":\"2022-04-28T09:37:34+00:00\",\"description\":\"Nos films opaques vous prot\u00e8gent du vis \u00e0 vis tout en d\u00e9corant vos fen\u00eatres. Choisissez le niveau d'opacit\u00e9 de nos brises vues. Id\u00e9ale pour vos fen\u00eatres de maison, bureau, appartement,...\",\"breadcrumb\":{\"@id\":\"https:\/\/solarfilms.be\/fr\/films-batiment\/discretion\/#breadcrumb\"},\"inLanguage\":\"fr-FR\",\"potentialAction\":[{\"@type\":\"ReadAction\",\"target\":[\"https:\/\/solarfilms.be\/fr\/films-batiment\/discretion\/\"]}]},{\"@type\":\"BreadcrumbList\",\"@id\":\"https:\/\/solarfilms.be\/fr\/films-batiment\/discretion\/#breadcrumb\",\"itemListElement\":[{\"@type\":\"ListItem\",\"position\":1,\"name\":\"Accueil\",\"item\":\"https:\/\/solarfilms.be\/fr\/\"},{\"@type\":\"ListItem\",\"position\":2,\"name\":\"Films b\u00e2timent\",\"item\":\"https:\/\/solarfilms.be\/fr\/films-batiment\/\"},{\"@type\":\"ListItem\",\"position\":3,\"name\":\"Discr\u00e9tion\"}]},{\"@type\":\"WebSite\",\"@id\":\"https:\/\/solarfilms.be\/fr\/#website\",\"url\":\"https:\/\/solarfilms.be\/fr\/\",\"name\":\"Solar Films\",\"description\":\"Pose de films solaires en province de Li\u00e8ge.\",\"potentialAction\":[{\"@type\":\"SearchAction\",\"target\":{\"@type\":\"EntryPoint\",\"urlTemplate\":\"https:\/\/solarfilms.be\/fr\/?s={search_term_string}\"},\"query-input\":\"required name=search_term_string\"}],\"inLanguage\":\"fr-FR\"}]}<\/script>\n<!-- \/ Yoast SEO plugin. -->","yoast_head_json":{"title":"\u25b7 Film solaire brise vue pour fen\u00eatre, film opaque pour particulier et professionnel.","description":"Nos films opaques vous prot\u00e8gent du vis \u00e0 vis tout en d\u00e9corant vos fen\u00eatres. Choisissez le niveau d'opacit\u00e9 de nos brises vues. Id\u00e9ale pour vos fen\u00eatres de maison, bureau, appartement,...","robots":{"index":"index","follow":"follow","max-snippet":"max-snippet:-1","max-image-preview":"max-image-preview:large","max-video-preview":"max-video-preview:-1"},"canonical":"https:\/\/solarfilms.be\/fr\/films-batiment\/discretion\/","og_locale":"fr_FR","og_type":"article","og_title":"\u25b7 Film solaire brise vue pour fen\u00eatre, film opaque pour particulier et professionnel.","og_description":"Nos films opaques vous prot\u00e8gent du vis \u00e0 vis tout en d\u00e9corant vos fen\u00eatres. Choisissez le niveau d'opacit\u00e9 de nos brises vues. Id\u00e9ale pour vos fen\u00eatres de maison, bureau, appartement,...","og_url":"https:\/\/solarfilms.be\/fr\/films-batiment\/discretion\/","og_site_name":"Solar Films","article_modified_time":"2022-04-28T09:37:34+00:00","twitter_card":"summary_large_image","schema":{"@context":"https:\/\/schema.org","@graph":[{"@type":"WebPage","@id":"https:\/\/solarfilms.be\/fr\/films-batiment\/discretion\/","url":"https:\/\/solarfilms.be\/fr\/films-batiment\/discretion\/","name":"\u25b7 Film solaire brise vue pour fen\u00eatre, film opaque pour particulier et professionnel.","isPartOf":{"@id":"https:\/\/solarfilms.be\/fr\/#website"},"datePublished":"2021-02-01T09:01:31+00:00","dateModified":"2022-04-28T09:37:34+00:00","description":"Nos films opaques vous prot\u00e8gent du vis \u00e0 vis tout en d\u00e9corant vos fen\u00eatres. Choisissez le niveau d'opacit\u00e9 de nos brises vues. Id\u00e9ale pour vos fen\u00eatres de maison, bureau, appartement,...","breadcrumb":{"@id":"https:\/\/solarfilms.be\/fr\/films-batiment\/discretion\/#breadcrumb"},"inLanguage":"fr-FR","potentialAction":[{"@type":"ReadAction","target":["https:\/\/solarfilms.be\/fr\/films-batiment\/discretion\/"]}]},{"@type":"BreadcrumbList","@id":"https:\/\/solarfilms.be\/fr\/films-batiment\/discretion\/#breadcrumb","itemListElement":[{"@type":"ListItem","position":1,"name":"Accueil","item":"https:\/\/solarfilms.be\/fr\/"},{"@type":"ListItem","position":2,"name":"Films b\u00e2timent","item":"https:\/\/solarfilms.be\/fr\/films-batiment\/"},{"@type":"ListItem","position":3,"name":"Discr\u00e9tion"}]},{"@type":"WebSite","@id":"https:\/\/solarfilms.be\/fr\/#website","url":"https:\/\/solarfilms.be\/fr\/","name":"Solar Films","description":"Pose de films solaires en province de Li\u00e8ge.","potentialAction":[{"@type":"SearchAction","target":{"@type":"EntryPoint","urlTemplate":"https:\/\/solarfilms.be\/fr\/?s={search_term_string}"},"query-input":"required name=search_term_string"}],"inLanguage":"fr-FR"}]}},"_links":{"self":[{"href":"https:\/\/solarfilms.be\/fr\/wp-json\/wp\/v2\/pages\/26"}],"collection":[{"href":"https:\/\/solarfilms.be\/fr\/wp-json\/wp\/v2\/pages"}],"about":[{"href":"https:\/\/solarfilms.be\/fr\/wp-json\/wp\/v2\/types\/page"}],"author":[{"embeddable":true,"href":"https:\/\/solarfilms.be\/fr\/wp-json\/wp\/v2\/users\/1"}],"replies":[{"embeddable":true,"href":"https:\/\/solarfilms.be\/fr\/wp-json\/wp\/v2\/comments?post=26"}],"version-history":[{"count":21,"href":"https:\/\/solarfilms.be\/fr\/wp-json\/wp\/v2\/pages\/26\/revisions"}],"predecessor-version":[{"id":735,"href":"https:\/\/solarfilms.be\/fr\/wp-json\/wp\/v2\/pages\/26\/revisions\/735"}],"up":[{"embeddable":true,"href":"https:\/\/solarfilms.be\/fr\/wp-json\/wp\/v2\/pages\/10"}],"wp:attachment":[{"href":"https:\/\/solarfilms.be\/fr\/wp-json\/wp\/v2\/media?parent=26"}],"curies":[{"name":"wp","href":"https:\/\/api.w.org\/{rel}","templated":true}]}}