{"id":24,"date":"2021-02-01T10:01:10","date_gmt":"2021-02-01T09:01:10","guid":{"rendered":"http:\/\/localhost:8888\/solarfilms\/?page_id=24"},"modified":"2022-04-28T11:38:27","modified_gmt":"2022-04-28T09:38:27","slug":"controle-solaire","status":"publish","type":"page","link":"https:\/\/solarfilms.be\/fr\/films-batiment\/controle-solaire\/","title":{"rendered":"Contr\u00f4le solaire"},"content":{"rendered":"","protected":false},"excerpt":{"rendered":"","protected":false},"author":1,"featured_media":0,"parent":10,"menu_order":0,"comment_status":"closed","ping_status":"closed","template":"controle-solaire.php","meta":[],"acf":[],"yoast_head":"<!-- This site is optimized with the Yoast SEO plugin v19.12 - https:\/\/yoast.com\/wordpress\/plugins\/seo\/ -->\n<title>\u25b7 Film solaire pour b\u00e2timent, isolant pour fen\u00eatre et anti UV<\/title>\n<meta name=\"description\" content=\"Protection solaire anti UV et isolant, baisse vos frais de climatisation et r\u00e9duit chaleur en \u00e9t\u00e9. Investissement \u00e9conomique et \u00e9cologique.\" \/>\n<meta name=\"robots\" content=\"index, follow, max-snippet:-1, max-image-preview:large, max-video-preview:-1\" \/>\n<link rel=\"canonical\" href=\"https:\/\/solarfilms.be\/fr\/films-batiment\/controle-solaire\/\" \/>\n<meta property=\"og:locale\" content=\"fr_FR\" \/>\n<meta property=\"og:type\" content=\"article\" \/>\n<meta property=\"og:title\" content=\"\u25b7 Film solaire pour b\u00e2timent, isolant pour fen\u00eatre et anti UV\" \/>\n<meta property=\"og:description\" content=\"Protection solaire anti UV et isolant, baisse vos frais de climatisation et r\u00e9duit chaleur en \u00e9t\u00e9. Investissement \u00e9conomique et \u00e9cologique.\" \/>\n<meta property=\"og:url\" content=\"https:\/\/solarfilms.be\/fr\/films-batiment\/controle-solaire\/\" \/>\n<meta property=\"og:site_name\" content=\"Solar Films\" \/>\n<meta property=\"article:modified_time\" content=\"2022-04-28T09:38:27+00:00\" \/>\n<meta name=\"twitter:card\" content=\"summary_large_image\" \/>\n<script type=\"application\/ld+json\" class=\"yoast-schema-graph\">{\"@context\":\"https:\/\/schema.org\",\"@graph\":[{\"@type\":\"WebPage\",\"@id\":\"https:\/\/solarfilms.be\/fr\/films-batiment\/controle-solaire\/\",\"url\":\"https:\/\/solarfilms.be\/fr\/films-batiment\/controle-solaire\/\",\"name\":\"\u25b7 Film solaire pour b\u00e2timent, isolant pour fen\u00eatre et anti UV\",\"isPartOf\":{\"@id\":\"https:\/\/solarfilms.be\/fr\/#website\"},\"datePublished\":\"2021-02-01T09:01:10+00:00\",\"dateModified\":\"2022-04-28T09:38:27+00:00\",\"description\":\"Protection solaire anti UV et isolant, baisse vos frais de climatisation et r\u00e9duit chaleur en \u00e9t\u00e9. Investissement \u00e9conomique et \u00e9cologique.\",\"breadcrumb\":{\"@id\":\"https:\/\/solarfilms.be\/fr\/films-batiment\/controle-solaire\/#breadcrumb\"},\"inLanguage\":\"fr-FR\",\"potentialAction\":[{\"@type\":\"ReadAction\",\"target\":[\"https:\/\/solarfilms.be\/fr\/films-batiment\/controle-solaire\/\"]}]},{\"@type\":\"BreadcrumbList\",\"@id\":\"https:\/\/solarfilms.be\/fr\/films-batiment\/controle-solaire\/#breadcrumb\",\"itemListElement\":[{\"@type\":\"ListItem\",\"position\":1,\"name\":\"Accueil\",\"item\":\"https:\/\/solarfilms.be\/fr\/\"},{\"@type\":\"ListItem\",\"position\":2,\"name\":\"Films b\u00e2timent\",\"item\":\"https:\/\/solarfilms.be\/fr\/films-batiment\/\"},{\"@type\":\"ListItem\",\"position\":3,\"name\":\"Contr\u00f4le solaire\"}]},{\"@type\":\"WebSite\",\"@id\":\"https:\/\/solarfilms.be\/fr\/#website\",\"url\":\"https:\/\/solarfilms.be\/fr\/\",\"name\":\"Solar Films\",\"description\":\"Pose de films solaires en province de Li\u00e8ge.\",\"potentialAction\":[{\"@type\":\"SearchAction\",\"target\":{\"@type\":\"EntryPoint\",\"urlTemplate\":\"https:\/\/solarfilms.be\/fr\/?s={search_term_string}\"},\"query-input\":\"required name=search_term_string\"}],\"inLanguage\":\"fr-FR\"}]}<\/script>\n<!-- \/ Yoast SEO plugin. -->","yoast_head_json":{"title":"\u25b7 Film solaire pour b\u00e2timent, isolant pour fen\u00eatre et anti UV","description":"Protection solaire anti UV et isolant, baisse vos frais de climatisation et r\u00e9duit chaleur en \u00e9t\u00e9. Investissement \u00e9conomique et \u00e9cologique.","robots":{"index":"index","follow":"follow","max-snippet":"max-snippet:-1","max-image-preview":"max-image-preview:large","max-video-preview":"max-video-preview:-1"},"canonical":"https:\/\/solarfilms.be\/fr\/films-batiment\/controle-solaire\/","og_locale":"fr_FR","og_type":"article","og_title":"\u25b7 Film solaire pour b\u00e2timent, isolant pour fen\u00eatre et anti UV","og_description":"Protection solaire anti UV et isolant, baisse vos frais de climatisation et r\u00e9duit chaleur en \u00e9t\u00e9. Investissement \u00e9conomique et \u00e9cologique.","og_url":"https:\/\/solarfilms.be\/fr\/films-batiment\/controle-solaire\/","og_site_name":"Solar Films","article_modified_time":"2022-04-28T09:38:27+00:00","twitter_card":"summary_large_image","schema":{"@context":"https:\/\/schema.org","@graph":[{"@type":"WebPage","@id":"https:\/\/solarfilms.be\/fr\/films-batiment\/controle-solaire\/","url":"https:\/\/solarfilms.be\/fr\/films-batiment\/controle-solaire\/","name":"\u25b7 Film solaire pour b\u00e2timent, isolant pour fen\u00eatre et anti UV","isPartOf":{"@id":"https:\/\/solarfilms.be\/fr\/#website"},"datePublished":"2021-02-01T09:01:10+00:00","dateModified":"2022-04-28T09:38:27+00:00","description":"Protection solaire anti UV et isolant, baisse vos frais de climatisation et r\u00e9duit chaleur en \u00e9t\u00e9. Investissement \u00e9conomique et \u00e9cologique.","breadcrumb":{"@id":"https:\/\/solarfilms.be\/fr\/films-batiment\/controle-solaire\/#breadcrumb"},"inLanguage":"fr-FR","potentialAction":[{"@type":"ReadAction","target":["https:\/\/solarfilms.be\/fr\/films-batiment\/controle-solaire\/"]}]},{"@type":"BreadcrumbList","@id":"https:\/\/solarfilms.be\/fr\/films-batiment\/controle-solaire\/#breadcrumb","itemListElement":[{"@type":"ListItem","position":1,"name":"Accueil","item":"https:\/\/solarfilms.be\/fr\/"},{"@type":"ListItem","position":2,"name":"Films b\u00e2timent","item":"https:\/\/solarfilms.be\/fr\/films-batiment\/"},{"@type":"ListItem","position":3,"name":"Contr\u00f4le solaire"}]},{"@type":"WebSite","@id":"https:\/\/solarfilms.be\/fr\/#website","url":"https:\/\/solarfilms.be\/fr\/","name":"Solar Films","description":"Pose de films solaires en province de Li\u00e8ge.","potentialAction":[{"@type":"SearchAction","target":{"@type":"EntryPoint","urlTemplate":"https:\/\/solarfilms.be\/fr\/?s={search_term_string}"},"query-input":"required name=search_term_string"}],"inLanguage":"fr-FR"}]}},"_links":{"self":[{"href":"https:\/\/solarfilms.be\/fr\/wp-json\/wp\/v2\/pages\/24"}],"collection":[{"href":"https:\/\/solarfilms.be\/fr\/wp-json\/wp\/v2\/pages"}],"about":[{"href":"https:\/\/solarfilms.be\/fr\/wp-json\/wp\/v2\/types\/page"}],"author":[{"embeddable":true,"href":"https:\/\/solarfilms.be\/fr\/wp-json\/wp\/v2\/users\/1"}],"replies":[{"embeddable":true,"href":"https:\/\/solarfilms.be\/fr\/wp-json\/wp\/v2\/comments?post=24"}],"version-history":[{"count":32,"href":"https:\/\/solarfilms.be\/fr\/wp-json\/wp\/v2\/pages\/24\/revisions"}],"predecessor-version":[{"id":736,"href":"https:\/\/solarfilms.be\/fr\/wp-json\/wp\/v2\/pages\/24\/revisions\/736"}],"up":[{"embeddable":true,"href":"https:\/\/solarfilms.be\/fr\/wp-json\/wp\/v2\/pages\/10"}],"wp:attachment":[{"href":"https:\/\/solarfilms.be\/fr\/wp-json\/wp\/v2\/media?parent=24"}],"curies":[{"name":"wp","href":"https:\/\/api.w.org\/{rel}","templated":true}]}}