{"id":10,"date":"2021-02-01T09:57:08","date_gmt":"2021-02-01T08:57:08","guid":{"rendered":"http:\/\/localhost:8888\/solarfilms\/?page_id=10"},"modified":"2021-02-23T10:06:41","modified_gmt":"2021-02-23T09:06:41","slug":"films-batiment","status":"publish","type":"page","link":"https:\/\/solarfilms.be\/fr\/films-batiment\/","title":{"rendered":"Films b\u00e2timent"},"content":{"rendered":"","protected":false},"excerpt":{"rendered":"","protected":false},"author":1,"featured_media":0,"parent":0,"menu_order":0,"comment_status":"closed","ping_status":"closed","template":"films-batiment.php","meta":[],"acf":[],"yoast_head":"<!-- This site is optimized with the Yoast SEO plugin v19.12 - https:\/\/yoast.com\/wordpress\/plugins\/seo\/ -->\n<title>\u25b7 Vente et pose de film solaire pour fen\u00eatre - film de discr\u00e9tion - film de s\u00e9curit\u00e9.<\/title>\n<meta name=\"description\" content=\"Pose de film solaire pour tout type de b\u00e2timent. Prot\u00e9gez vos fen\u00eatres des rayons du soleil, des regards indiscrets et des effractions.\" \/>\n<meta name=\"robots\" content=\"index, follow, max-snippet:-1, max-image-preview:large, max-video-preview:-1\" \/>\n<link rel=\"canonical\" href=\"https:\/\/solarfilms.be\/fr\/films-batiment\/\" \/>\n<meta property=\"og:locale\" content=\"fr_FR\" \/>\n<meta property=\"og:type\" content=\"article\" \/>\n<meta property=\"og:title\" content=\"\u25b7 Vente et pose de film solaire pour fen\u00eatre - film de discr\u00e9tion - film de s\u00e9curit\u00e9.\" \/>\n<meta property=\"og:description\" content=\"Pose de film solaire pour tout type de b\u00e2timent. Prot\u00e9gez vos fen\u00eatres des rayons du soleil, des regards indiscrets et des effractions.\" \/>\n<meta property=\"og:url\" content=\"https:\/\/solarfilms.be\/fr\/films-batiment\/\" \/>\n<meta property=\"og:site_name\" content=\"Solar Films\" \/>\n<meta property=\"article:modified_time\" content=\"2021-02-23T09:06:41+00:00\" \/>\n<meta name=\"twitter:card\" content=\"summary_large_image\" \/>\n<script type=\"application\/ld+json\" class=\"yoast-schema-graph\">{\"@context\":\"https:\/\/schema.org\",\"@graph\":[{\"@type\":\"WebPage\",\"@id\":\"https:\/\/solarfilms.be\/fr\/films-batiment\/\",\"url\":\"https:\/\/solarfilms.be\/fr\/films-batiment\/\",\"name\":\"\u25b7 Vente et pose de film solaire pour fen\u00eatre - film de discr\u00e9tion - film de s\u00e9curit\u00e9.\",\"isPartOf\":{\"@id\":\"https:\/\/solarfilms.be\/fr\/#website\"},\"datePublished\":\"2021-02-01T08:57:08+00:00\",\"dateModified\":\"2021-02-23T09:06:41+00:00\",\"description\":\"Pose de film solaire pour tout type de b\u00e2timent. Prot\u00e9gez vos fen\u00eatres des rayons du soleil, des regards indiscrets et des effractions.\",\"breadcrumb\":{\"@id\":\"https:\/\/solarfilms.be\/fr\/films-batiment\/#breadcrumb\"},\"inLanguage\":\"fr-FR\",\"potentialAction\":[{\"@type\":\"ReadAction\",\"target\":[\"https:\/\/solarfilms.be\/fr\/films-batiment\/\"]}]},{\"@type\":\"BreadcrumbList\",\"@id\":\"https:\/\/solarfilms.be\/fr\/films-batiment\/#breadcrumb\",\"itemListElement\":[{\"@type\":\"ListItem\",\"position\":1,\"name\":\"Accueil\",\"item\":\"https:\/\/solarfilms.be\/fr\/\"},{\"@type\":\"ListItem\",\"position\":2,\"name\":\"Films b\u00e2timent\"}]},{\"@type\":\"WebSite\",\"@id\":\"https:\/\/solarfilms.be\/fr\/#website\",\"url\":\"https:\/\/solarfilms.be\/fr\/\",\"name\":\"Solar Films\",\"description\":\"Pose de films solaires en province de Li\u00e8ge.\",\"potentialAction\":[{\"@type\":\"SearchAction\",\"target\":{\"@type\":\"EntryPoint\",\"urlTemplate\":\"https:\/\/solarfilms.be\/fr\/?s={search_term_string}\"},\"query-input\":\"required name=search_term_string\"}],\"inLanguage\":\"fr-FR\"}]}<\/script>\n<!-- \/ Yoast SEO plugin. -->","yoast_head_json":{"title":"\u25b7 Vente et pose de film solaire pour fen\u00eatre - film de discr\u00e9tion - film de s\u00e9curit\u00e9.","description":"Pose de film solaire pour tout type de b\u00e2timent. Prot\u00e9gez vos fen\u00eatres des rayons du soleil, des regards indiscrets et des effractions.","robots":{"index":"index","follow":"follow","max-snippet":"max-snippet:-1","max-image-preview":"max-image-preview:large","max-video-preview":"max-video-preview:-1"},"canonical":"https:\/\/solarfilms.be\/fr\/films-batiment\/","og_locale":"fr_FR","og_type":"article","og_title":"\u25b7 Vente et pose de film solaire pour fen\u00eatre - film de discr\u00e9tion - film de s\u00e9curit\u00e9.","og_description":"Pose de film solaire pour tout type de b\u00e2timent. Prot\u00e9gez vos fen\u00eatres des rayons du soleil, des regards indiscrets et des effractions.","og_url":"https:\/\/solarfilms.be\/fr\/films-batiment\/","og_site_name":"Solar Films","article_modified_time":"2021-02-23T09:06:41+00:00","twitter_card":"summary_large_image","schema":{"@context":"https:\/\/schema.org","@graph":[{"@type":"WebPage","@id":"https:\/\/solarfilms.be\/fr\/films-batiment\/","url":"https:\/\/solarfilms.be\/fr\/films-batiment\/","name":"\u25b7 Vente et pose de film solaire pour fen\u00eatre - film de discr\u00e9tion - film de s\u00e9curit\u00e9.","isPartOf":{"@id":"https:\/\/solarfilms.be\/fr\/#website"},"datePublished":"2021-02-01T08:57:08+00:00","dateModified":"2021-02-23T09:06:41+00:00","description":"Pose de film solaire pour tout type de b\u00e2timent. Prot\u00e9gez vos fen\u00eatres des rayons du soleil, des regards indiscrets et des effractions.","breadcrumb":{"@id":"https:\/\/solarfilms.be\/fr\/films-batiment\/#breadcrumb"},"inLanguage":"fr-FR","potentialAction":[{"@type":"ReadAction","target":["https:\/\/solarfilms.be\/fr\/films-batiment\/"]}]},{"@type":"BreadcrumbList","@id":"https:\/\/solarfilms.be\/fr\/films-batiment\/#breadcrumb","itemListElement":[{"@type":"ListItem","position":1,"name":"Accueil","item":"https:\/\/solarfilms.be\/fr\/"},{"@type":"ListItem","position":2,"name":"Films b\u00e2timent"}]},{"@type":"WebSite","@id":"https:\/\/solarfilms.be\/fr\/#website","url":"https:\/\/solarfilms.be\/fr\/","name":"Solar Films","description":"Pose de films solaires en province de Li\u00e8ge.","potentialAction":[{"@type":"SearchAction","target":{"@type":"EntryPoint","urlTemplate":"https:\/\/solarfilms.be\/fr\/?s={search_term_string}"},"query-input":"required name=search_term_string"}],"inLanguage":"fr-FR"}]}},"_links":{"self":[{"href":"https:\/\/solarfilms.be\/fr\/wp-json\/wp\/v2\/pages\/10"}],"collection":[{"href":"https:\/\/solarfilms.be\/fr\/wp-json\/wp\/v2\/pages"}],"about":[{"href":"https:\/\/solarfilms.be\/fr\/wp-json\/wp\/v2\/types\/page"}],"author":[{"embeddable":true,"href":"https:\/\/solarfilms.be\/fr\/wp-json\/wp\/v2\/users\/1"}],"replies":[{"embeddable":true,"href":"https:\/\/solarfilms.be\/fr\/wp-json\/wp\/v2\/comments?post=10"}],"version-history":[{"count":44,"href":"https:\/\/solarfilms.be\/fr\/wp-json\/wp\/v2\/pages\/10\/revisions"}],"predecessor-version":[{"id":611,"href":"https:\/\/solarfilms.be\/fr\/wp-json\/wp\/v2\/pages\/10\/revisions\/611"}],"wp:attachment":[{"href":"https:\/\/solarfilms.be\/fr\/wp-json\/wp\/v2\/media?parent=10"}],"curies":[{"name":"wp","href":"https:\/\/api.w.org\/{rel}","templated":true}]}}